{"id":2,"date":"2023-06-15T09:02:34","date_gmt":"2023-06-15T09:02:34","guid":{"rendered":"https:\/\/tapirape.com\/blog\/?page_id=2"},"modified":"2024-06-18T10:25:55","modified_gmt":"2024-06-18T10:25:55","slug":"sample-page","status":"publish","type":"page","link":"https:\/\/tapirape.com\/blog\/index.php\/sample-page\/","title":{"rendered":"Tapirap\u00e9 Tribe"},"content":{"rendered":"\n<figure class=\"wp-block-image size-large\"><img loading=\"lazy\" decoding=\"async\" width=\"1024\" height=\"685\" src=\"https:\/\/tapirape.com\/blog\/wp-content\/uploads\/2023\/06\/Snapshot_026-1024x685.jpg\" alt=\"\" class=\"wp-image-114\" srcset=\"https:\/\/tapirape.com\/blog\/wp-content\/uploads\/2023\/06\/Snapshot_026-1024x685.jpg 1024w, https:\/\/tapirape.com\/blog\/wp-content\/uploads\/2023\/06\/Snapshot_026-300x201.jpg 300w, https:\/\/tapirape.com\/blog\/wp-content\/uploads\/2023\/06\/Snapshot_026-768x513.jpg 768w, https:\/\/tapirape.com\/blog\/wp-content\/uploads\/2023\/06\/Snapshot_026-1536x1027.jpg 1536w, https:\/\/tapirape.com\/blog\/wp-content\/uploads\/2023\/06\/Snapshot_026-2048x1369.jpg 2048w, https:\/\/tapirape.com\/blog\/wp-content\/uploads\/2023\/06\/Snapshot_026-676x452.jpg 676w\" sizes=\"auto, (max-width: 1024px) 100vw, 1024px\" \/><\/figure>\n\n\n\n<p>The Tapirap\u00e9 is a Second Life based native tribe located near Bloodbath Bay in the Amazon River RP cluster, just across from love temple. It&#8217;s are the oldest tribe in the jungle, and follow a spiritual and simple lifestyle, like their ancestors have for generations. To be part of the Tapirap\u00e9 tribe you need to be blessed as a native by a seeker, which means you need to have a tanned skin, dark hair, your backstory has to say you were born in the jungle from both native parents and dress like a native.<\/p>\n\n\n\n<p><\/p>\n\n\n\n<p><a href=\"http:\/\/maps.secondlife.com\/secondlife\/Rio%20Solimoes\/128\/114\/21\" target=\"_blank\" rel=\"noreferrer noopener\">http:\/\/maps.secondlife.com\/secondlife\/Rio%20Solimoes\/128\/114\/21<\/a><\/p>\n\n\n\n<p><\/p>\n\n\n\n<p>The Tapirap\u00e9 is a tribe with a lot of traditions and rituals, like the yearly Tapirap\u00e9 Fishing Week, our fertility rituals, blessings, and the Tapirap\u00e9 Pit Fights. They hunt together, socialize, and gather food for tougher times, and while they consider ourselves a peaceful tribe, their hunters and warriors are not shy to defend ourselves and their allies.<\/p>\n\n\n\n<p><\/p>\n\n\n\n<p>The Tapirap\u00e9 strongly believe that people are born free and will fight slavery wherever they see it. In ancient times the tribe practiced cannibalism, however those days have long passed and the big pot in the camp is today only used to frighten their enemies.<\/p>\n","protected":false},"excerpt":{"rendered":"<p>The Tapirap\u00e9 is a Second Life based native tribe located near Bloodbath Bay in the Amazon River RP cluster, just across from love temple. It&#8217;s are the oldest tribe in the jungle, and follow a spiritual and simple lifestyle, like their ancestors have for generations. To be part of the Tapirap\u00e9 tribe you need to [&hellip;]<\/p>\n","protected":false},"author":1,"featured_media":0,"parent":0,"menu_order":0,"comment_status":"closed","ping_status":"open","template":"","meta":{"footnotes":""},"class_list":["post-2","page","type-page","status-publish","hentry","post-preview"],"_links":{"self":[{"href":"https:\/\/tapirape.com\/blog\/index.php\/wp-json\/wp\/v2\/pages\/2","targetHints":{"allow":["GET"]}}],"collection":[{"href":"https:\/\/tapirape.com\/blog\/index.php\/wp-json\/wp\/v2\/pages"}],"about":[{"href":"https:\/\/tapirape.com\/blog\/index.php\/wp-json\/wp\/v2\/types\/page"}],"author":[{"embeddable":true,"href":"https:\/\/tapirape.com\/blog\/index.php\/wp-json\/wp\/v2\/users\/1"}],"replies":[{"embeddable":true,"href":"https:\/\/tapirape.com\/blog\/index.php\/wp-json\/wp\/v2\/comments?post=2"}],"version-history":[{"count":1,"href":"https:\/\/tapirape.com\/blog\/index.php\/wp-json\/wp\/v2\/pages\/2\/revisions"}],"predecessor-version":[{"id":1958,"href":"https:\/\/tapirape.com\/blog\/index.php\/wp-json\/wp\/v2\/pages\/2\/revisions\/1958"}],"wp:attachment":[{"href":"https:\/\/tapirape.com\/blog\/index.php\/wp-json\/wp\/v2\/media?parent=2"}],"curies":[{"name":"wp","href":"https:\/\/api.w.org\/{rel}","templated":true}]}}